{"id":54,"date":"2024-12-15T17:23:26","date_gmt":"2024-12-15T16:23:26","guid":{"rendered":"https:\/\/habanera-club.fr\/vitrine\/?page_id=54"},"modified":"2025-08-01T16:50:33","modified_gmt":"2025-08-01T14:50:33","slug":"club","status":"publish","type":"page","link":"https:\/\/habanera-club.fr\/vitrine\/club\/","title":{"rendered":"Le club"},"content":{"rendered":"\n<figure class=\"wp-block-gallery has-nested-images columns-default is-cropped wp-block-gallery-1 is-layout-flex wp-block-gallery-is-layout-flex\">\n<figure class=\"wp-block-image size-large\"><a href=\"https:\/\/habanera-club.fr\/vitrine\/wp-content\/uploads\/2024\/12\/laon-groupe-1.jpg\"><img loading=\"lazy\" decoding=\"async\" width=\"1024\" height=\"768\" data-id=\"133\" src=\"https:\/\/habanera-club.fr\/vitrine\/wp-content\/uploads\/2024\/12\/laon-groupe-1-1024x768.jpg\" alt=\"\" class=\"wp-image-133\" srcset=\"https:\/\/habanera-club.fr\/vitrine\/wp-content\/uploads\/2024\/12\/laon-groupe-1-1024x768.jpg 1024w, https:\/\/habanera-club.fr\/vitrine\/wp-content\/uploads\/2024\/12\/laon-groupe-1-300x225.jpg 300w, https:\/\/habanera-club.fr\/vitrine\/wp-content\/uploads\/2024\/12\/laon-groupe-1-768x576.jpg 768w, https:\/\/habanera-club.fr\/vitrine\/wp-content\/uploads\/2024\/12\/laon-groupe-1-1536x1152.jpg 1536w, https:\/\/habanera-club.fr\/vitrine\/wp-content\/uploads\/2024\/12\/laon-groupe-1.jpg 2048w\" sizes=\"auto, (max-width: 1024px) 100vw, 1024px\" \/><\/a><\/figure>\n\n\n\n<figure class=\"wp-block-image size-large\"><a href=\"https:\/\/habanera-club.fr\/vitrine\/wp-content\/uploads\/2025\/07\/st-quentin-1-1024x768-1.jpg\"><img loading=\"lazy\" decoding=\"async\" width=\"1024\" height=\"768\" data-id=\"568\" src=\"https:\/\/habanera-club.fr\/vitrine\/wp-content\/uploads\/2025\/07\/st-quentin-1-1024x768-1.jpg\" alt=\"\" class=\"wp-image-568\" srcset=\"https:\/\/habanera-club.fr\/vitrine\/wp-content\/uploads\/2025\/07\/st-quentin-1-1024x768-1.jpg 1024w, https:\/\/habanera-club.fr\/vitrine\/wp-content\/uploads\/2025\/07\/st-quentin-1-1024x768-1-300x225.jpg 300w, https:\/\/habanera-club.fr\/vitrine\/wp-content\/uploads\/2025\/07\/st-quentin-1-1024x768-1-768x576.jpg 768w\" sizes=\"auto, (max-width: 1024px) 100vw, 1024px\" \/><\/a><\/figure>\n\n\n\n<figure class=\"wp-block-image size-large\"><a href=\"https:\/\/habanera-club.fr\/vitrine\/wp-content\/uploads\/2025\/07\/venizel-1-1024x768-1.jpg\"><img loading=\"lazy\" decoding=\"async\" width=\"1024\" height=\"768\" data-id=\"569\" src=\"https:\/\/habanera-club.fr\/vitrine\/wp-content\/uploads\/2025\/07\/venizel-1-1024x768-1.jpg\" alt=\"\" class=\"wp-image-569\" srcset=\"https:\/\/habanera-club.fr\/vitrine\/wp-content\/uploads\/2025\/07\/venizel-1-1024x768-1.jpg 1024w, https:\/\/habanera-club.fr\/vitrine\/wp-content\/uploads\/2025\/07\/venizel-1-1024x768-1-300x225.jpg 300w, https:\/\/habanera-club.fr\/vitrine\/wp-content\/uploads\/2025\/07\/venizel-1-1024x768-1-768x576.jpg 768w\" sizes=\"auto, (max-width: 1024px) 100vw, 1024px\" \/><\/a><\/figure>\n<\/figure>\n\n\n\n<h3 class=\"wp-block-heading has-text-align-center\">Les 200 membres du club,<br>r\u00e9partis sur les 3 sites de Laon, Grugies et V\u00e9nizel,<br>participent activement \u00e0 de nombreuses manifestations<br>tout au long de l&#8217;ann\u00e9e:<\/h3>\n\n\n\n<div class=\"wp-block-group is-vertical is-content-justification-stretch is-layout-flex wp-container-core-group-is-layout-444d5ee8 wp-block-group-is-layout-flex\" style=\"min-height:100%\">\n<ul class=\"wp-block-list\">\n<li style=\"font-size:clamp(0.984rem, 0.984rem + ((1vw - 0.2rem) * 0.86), 1.5rem);\">Soir\u00e9es (soir\u00e9es de chacun des groupes de cours)<\/li>\n\n\n\n<li style=\"font-size:clamp(0.984rem, 0.984rem + ((1vw - 0.2rem) * 0.86), 1.5rem);\">Soir\u00e9es \u00e0 th\u00e8mes (comme les 20 ans du club&#8230;)<\/li>\n\n\n\n<li style=\"font-size:clamp(0.984rem, 0.984rem + ((1vw - 0.2rem) * 0.86), 1.5rem);\">Voyages (P\u00e9rigord, Alsace, Fjords de Norv\u00e8ge)<\/li>\n\n\n\n<li style=\"font-size:clamp(0.984rem, 0.984rem + ((1vw - 0.2rem) * 0.86), 1.5rem);\">Sorties&nbsp;(soir\u00e9es en dancing, journ\u00e9es guinguette\u2026)<\/li>\n\n\n\n<li style=\"font-size:clamp(0.984rem, 0.984rem + ((1vw - 0.2rem) * 0.86), 1.5rem);\">F\u00eates (f\u00eates de village, repas des anciens\u2026.)<\/li>\n\n\n\n<li style=\"font-size:clamp(0.984rem, 0.984rem + ((1vw - 0.2rem) * 0.86), 1.5rem);\">Festivals (f\u00eate du Haricot \u00e0 Soissons, f\u00eate du Bouffon \u00e0 St-Quentin&#8230;)<\/li>\n\n\n\n<li style=\"font-size:clamp(0.984rem, 0.984rem + ((1vw - 0.2rem) * 0.86), 1.5rem);\">Manifestations \u00e0 th\u00e8me (rockabilly \u00e0 Ch\u00e2teau Thierry\u2026)<\/li>\n\n\n\n<li style=\"font-size:clamp(0.984rem, 0.984rem + ((1vw - 0.2rem) * 0.86), 1.5rem);\">Maisons de retraite\/ Ehpad<\/li>\n\n\n\n<li style=\"font-size:clamp(0.984rem, 0.984rem + ((1vw - 0.2rem) * 0.86), 1.5rem);\">Carnaval&nbsp;(Coucy le Ch\u00e2teau&#8230;)<\/li>\n\n\n\n<li style=\"font-size:clamp(0.984rem, 0.984rem + ((1vw - 0.2rem) * 0.86), 1.5rem);\">D\u00e9fil\u00e9s&#8230;<\/li>\n<\/ul>\n<\/div>\n","protected":false},"excerpt":{"rendered":"<p>Les 200 membres du club,r\u00e9partis sur les 3 sites de Laon, Grugies et V\u00e9nizel,participent activement \u00e0 de nombreuses manifestationstout au long de l&#8217;ann\u00e9e:<\/p>\n","protected":false},"author":1,"featured_media":91,"parent":0,"menu_order":0,"comment_status":"closed","ping_status":"closed","template":"page-habanera","meta":{"footnotes":""},"class_list":["post-54","page","type-page","status-publish","has-post-thumbnail","hentry"],"_links":{"self":[{"href":"https:\/\/habanera-club.fr\/vitrine\/wp-json\/wp\/v2\/pages\/54","targetHints":{"allow":["GET"]}}],"collection":[{"href":"https:\/\/habanera-club.fr\/vitrine\/wp-json\/wp\/v2\/pages"}],"about":[{"href":"https:\/\/habanera-club.fr\/vitrine\/wp-json\/wp\/v2\/types\/page"}],"author":[{"embeddable":true,"href":"https:\/\/habanera-club.fr\/vitrine\/wp-json\/wp\/v2\/users\/1"}],"replies":[{"embeddable":true,"href":"https:\/\/habanera-club.fr\/vitrine\/wp-json\/wp\/v2\/comments?post=54"}],"version-history":[{"count":17,"href":"https:\/\/habanera-club.fr\/vitrine\/wp-json\/wp\/v2\/pages\/54\/revisions"}],"predecessor-version":[{"id":616,"href":"https:\/\/habanera-club.fr\/vitrine\/wp-json\/wp\/v2\/pages\/54\/revisions\/616"}],"wp:featuredmedia":[{"embeddable":true,"href":"https:\/\/habanera-club.fr\/vitrine\/wp-json\/wp\/v2\/media\/91"}],"wp:attachment":[{"href":"https:\/\/habanera-club.fr\/vitrine\/wp-json\/wp\/v2\/media?parent=54"}],"curies":[{"name":"wp","href":"https:\/\/api.w.org\/{rel}","templated":true}]}}