{"id":51,"date":"2024-12-15T17:22:53","date_gmt":"2024-12-15T16:22:53","guid":{"rendered":"https:\/\/habanera-club.fr\/vitrine\/?page_id=51"},"modified":"2025-08-25T15:55:33","modified_gmt":"2025-08-25T13:55:33","slug":"ecole","status":"publish","type":"page","link":"https:\/\/habanera-club.fr\/vitrine\/ecole\/","title":{"rendered":"\u00c9cole de danses\nCours"},"content":{"rendered":"\n<figure class=\"wp-block-image aligncenter size-full is-resized\"><img loading=\"lazy\" decoding=\"async\" width=\"1024\" height=\"768\" src=\"http:\/\/habanera-club.fr\/vitrine\/wp-content\/uploads\/2025\/07\/st-quentin-1-1024x768-1.jpg\" alt=\"\" class=\"wp-image-568\" style=\"width:991px;height:auto\" srcset=\"https:\/\/habanera-club.fr\/vitrine\/wp-content\/uploads\/2025\/07\/st-quentin-1-1024x768-1.jpg 1024w, https:\/\/habanera-club.fr\/vitrine\/wp-content\/uploads\/2025\/07\/st-quentin-1-1024x768-1-300x225.jpg 300w, https:\/\/habanera-club.fr\/vitrine\/wp-content\/uploads\/2025\/07\/st-quentin-1-1024x768-1-768x576.jpg 768w\" sizes=\"auto, (max-width: 1024px) 100vw, 1024px\" \/><\/figure>\n\n\n\n<div class=\"wp-block-group is-vertical is-content-justification-stretch is-layout-flex wp-container-core-group-is-layout-444d5ee8 wp-block-group-is-layout-flex\" style=\"min-height:100%\">\n<p class=\"has-text-align-center has-background has-heading-font-family has-x-large-font-size wp-container-content-9cfa9a5a\" style=\"border-radius:0px;background:linear-gradient(0deg,rgb(204,116,255) 0%,rgb(249,249,249) 100%);line-height:1.2\">27 danses de couple \u00e0 d\u00e9couvrir dans une ambiance conviviale &amp; chaleureuse.<\/p>\n\n\n\n<ul class=\"wp-block-list\">\n<li>Les traditionnelles danses de salon et de soci\u00e9t\u00e9 comme le tango, la valse, le cha-cha, le fox-trot&#8230;<\/li>\n<\/ul>\n\n\n\n<ul class=\"wp-block-list\">\n<li>La famille du rock et swing : rock, lindy hop, west coast\u2026<\/li>\n<\/ul>\n\n\n\n<ul class=\"wp-block-list\">\n<li>Les latinos : Salsa, Bachata, Kizomba<\/li>\n<\/ul>\n\n\n\n<p>Etc \u2026<\/p>\n\n\n\n<h2 class=\"wp-block-heading has-text-align-center\"><strong>Venez seul ou en couple.<\/strong><\/h2>\n\n\n\n<div style=\"height:25px\" aria-hidden=\"true\" class=\"wp-block-spacer wp-container-content-c00f5982\"><\/div>\n\n\n\n<p class=\"has-text-align-center has-background has-heading-font-family has-x-large-font-size wp-container-content-9cfa9a5a\" style=\"border-radius:0px;background:linear-gradient(0deg,rgb(204,116,255) 0%,rgb(249,249,249) 100%);line-height:1.2\">Lieux des cours<\/p>\n\n\n\n<ul class=\"wp-block-list\">\n<li style=\"font-size:clamp(0.984rem, 0.984rem + ((1vw - 0.2rem) * 0.86), 1.5rem);\"><strong>Laon<\/strong>, le <strong>mardi <\/strong><\/li>\n\n\n\n<li style=\"font-size:clamp(0.984rem, 0.984rem + ((1vw - 0.2rem) * 0.86), 1.5rem);\"><strong>Grugies<\/strong>, pr\u00e8s de St-Quentin, le <strong>mercredi<\/strong><\/li>\n\n\n\n<li style=\"font-size:clamp(0.984rem, 0.984rem + ((1vw - 0.2rem) * 0.86), 1.5rem);\"><strong>V\u00e9nizel<\/strong>, pr\u00e8s de Soissons, le <strong>jeudi<\/strong><\/li>\n<\/ul>\n\n\n\n<p>En d\u00e9but de chacun des 3 cours de la soir\u00e9e : \u00e9chauffement avec des danses en ligne, d\u00e9tails des pas , puis application en duo.<\/p>\n\n\n\n<p>Pendant le cours de chaque niveau : apprentissage, progression et r\u00e9vision de la danse (cf. planning des danses planifi\u00e9es de l&#8217;ann\u00e9e)<\/p>\n\n\n\n<h3 class=\"wp-block-heading\">Premier cours de la soir\u00e9e (H1)<\/h3>\n\n\n\n<ul class=\"wp-block-list\">\n<li>18h30 &#8211; 19h30 : Laon<\/li>\n\n\n\n<li>19h00 &#8211; 20h00 : Grugies &amp; V\u00e9nizel <\/li>\n<\/ul>\n\n\n\n<h3 class=\"wp-block-heading\">Deuxi\u00e8me cours de la soir\u00e9e (H2) : <\/h3>\n\n\n\n<ul class=\"wp-block-list\">\n<li>19h30 &#8211; 20h30 : Laon<\/li>\n\n\n\n<li>20h00 &#8211; 21h00 : Grugies &amp; V\u00e9nizel <\/li>\n<\/ul>\n\n\n\n<h3 class=\"wp-block-heading\">Troisi\u00e8me cours de la soir\u00e9e (H3) :<\/h3>\n\n\n\n<ul class=\"wp-block-list\">\n<li>20h30 &#8211; 21h30 : Laon<\/li>\n\n\n\n<li>21h00 &#8211; 22h00 : Grugies &amp; V\u00e9nizel <\/li>\n<\/ul>\n\n\n\n<p class=\"has-text-align-center has-background has-heading-font-family has-x-large-font-size wp-container-content-9cfa9a5a\" style=\"border-radius:0px;background:linear-gradient(0deg,rgb(204,116,255) 0%,rgb(249,249,249) 100%);line-height:1.2\">3 niveaux de cours<\/p>\n\n\n\n<h3 class=\"wp-block-heading\">Heure 1&nbsp;: D\u00e9butants (H1)<\/h3>\n\n\n\n<ul class=\"wp-block-list\">\n<li>A suivre pendant 2 ann\u00e9es<\/li>\n\n\n\n<li>Apprentissage des bases de beaucoup de danses jusqu\u2019\u00e0 une certaine aisance (aide importante des \u00e9l\u00e8ves des niveaux sup\u00e9rieurs)<\/li>\n<\/ul>\n\n\n\n<h3 class=\"wp-block-heading\">Heure 2 : Avanc\u00e9s (H2)<\/h3>\n\n\n\n<ul class=\"wp-block-list\">\n<li>avoir de 2 \u00e0 5 ans de pratique<\/li>\n\n\n\n<li>progression dans les danses apprises en ajoutant des figures et des pas suppl\u00e9mentaires<\/li>\n<\/ul>\n\n\n\n<h3 class=\"wp-block-heading\">Heure 3 : Confirm\u00e9s (H3)<\/h3>\n\n\n\n<ul class=\"wp-block-list\">\n<li>avoir plus de 5 ans de pratique<\/li>\n\n\n\n<li>Augmentation des pratiques avanc\u00e9es dans les danses<\/li>\n<\/ul>\n\n\n\n<p class=\"has-text-align-center has-background has-heading-font-family has-large-font-size wp-container-content-9cfa9a5a\" style=\"border-radius:0px;background:linear-gradient(0deg,rgb(204,116,255) 0%,rgb(249,249,249) 100%);line-height:1.2\">Informations compl\u00e9mentaires<\/p>\n\n\n\n<ul class=\"wp-block-list\">\n<li>Les cours ont lieu 1 h par semaine, hors vacances scolaires, de septembre \u00e0 fin juin.<\/li>\n<\/ul>\n\n\n\n<ul class=\"wp-block-list\">\n<li>Votre cotisation vous permet de suivre son heure de cours sur le lieu de votre choix parmi les 3 lieux de cours<\/li>\n<\/ul>\n\n\n\n<ul class=\"wp-block-list\">\n<li>Votre cotisation vous permet \u00e9galement de rattraper un cours manqu\u00e9 sur un autre lieu de cours<\/li>\n\n\n\n<li>A partir du niveau H2, possibilit\u00e9 de revenir dans le niveau inf\u00e9rieur sans suppl\u00e9ment.<\/li>\n<\/ul>\n\n\n\n<p class=\"has-text-align-center has-background has-heading-font-family has-large-font-size wp-container-content-9cfa9a5a\" style=\"border-radius:0px;background:linear-gradient(0deg,rgb(204,116,255) 0%,rgb(249,249,249) 100%);line-height:1.2\">Tarifs<\/p>\n\n\n\n<h3 class=\"wp-block-heading has-text-color has-link-color wp-elements-67ac021cbcada329f947d1ea786caaa5\" style=\"color:#c833f6\">Cotisation minimale obligatoire :  <\/h3>\n\n\n\n<ul class=\"wp-block-list\">\n<li class=\"has-large-font-size\">Licence FFD* : <strong>24\u20ac<\/strong><\/li>\n\n\n\n<li class=\"has-large-font-size\">Adh\u00e9sion \u00e0 l&#8217;association : <strong>2\u20ac<\/strong><\/li>\n<\/ul>\n\n\n\n<h3 class=\"wp-block-heading has-text-color has-link-color wp-elements-b4a35448a5569944c9bc9c095dd45c42\" style=\"color:#c833f6\">Tarif des cours (engagement annuel sur 10 mois obligatoire)<\/h3>\n\n\n\n<ul class=\"wp-block-list\">\n<li class=\"has-large-font-size\">SOLO : <strong>250\u20ac<\/strong>  (25\u20ac\/mois\/personne)<\/li>\n\n\n\n<li class=\"has-large-font-size\">COUPLE : <strong>470\u20ac<\/strong> (47\u20ac\/mois\/couple)<\/li>\n\n\n\n<li class=\"has-large-font-size\">\u00c9TUDIANT : <strong>150\u20ac<\/strong> (15\u20ac\/mois)<\/li>\n<\/ul>\n\n\n\n<div class=\"wp-block-group is-vertical is-content-justification-stretch is-layout-flex wp-container-core-group-is-layout-444d5ee8 wp-block-group-is-layout-flex\" style=\"min-height:100%\">\n<p class=\"has-text-align-center has-background has-large-font-size\" style=\"border-radius:20px;background:linear-gradient(135deg,rgb(138,128,255) 0%,rgb(226,177,240) 100%);margin-top:0;margin-right:var(--wp--preset--spacing--60);margin-bottom:0;margin-left:var(--wp--preset--spacing--60)\"><strong>2 cours d\u2019essai offerts<\/strong><br><strong>pour les nouveaux<\/strong><\/p>\n\n\n\n<p>* La licence FFD couvre&nbsp;l\u2019assurance RC , les accidents y compris sur le parcours, la SACEM, des r\u00e9ductions f\u00e9d\u00e9rales (h\u00f4tels, v\u00eatements de sports&#8230;)<\/p>\n\n\n\n<p>C&#8217;est un club f\u00e9d\u00e9ral et avec une licence sportive qui ouvre droit \u00e0 certains remboursements (30 \u00e0 50 euros ) de la part de mutuelles ( pratique de sport).<\/p>\n<\/div>\n<\/div>\n","protected":false},"excerpt":{"rendered":"<p>27 danses de couple \u00e0 d\u00e9couvrir dans une ambiance conviviale &amp; chaleureuse. Etc \u2026 Venez seul ou en couple. Lieux des cours En d\u00e9but de chacun des 3 cours de la soir\u00e9e : \u00e9chauffement avec des danses en ligne, d\u00e9tails des pas , puis application en duo. Pendant le cours de chaque niveau : apprentissage, [&hellip;]<\/p>\n","protected":false},"author":1,"featured_media":130,"parent":0,"menu_order":0,"comment_status":"closed","ping_status":"closed","template":"page-habanera","meta":{"footnotes":""},"class_list":["post-51","page","type-page","status-publish","has-post-thumbnail","hentry"],"_links":{"self":[{"href":"https:\/\/habanera-club.fr\/vitrine\/wp-json\/wp\/v2\/pages\/51","targetHints":{"allow":["GET"]}}],"collection":[{"href":"https:\/\/habanera-club.fr\/vitrine\/wp-json\/wp\/v2\/pages"}],"about":[{"href":"https:\/\/habanera-club.fr\/vitrine\/wp-json\/wp\/v2\/types\/page"}],"author":[{"embeddable":true,"href":"https:\/\/habanera-club.fr\/vitrine\/wp-json\/wp\/v2\/users\/1"}],"replies":[{"embeddable":true,"href":"https:\/\/habanera-club.fr\/vitrine\/wp-json\/wp\/v2\/comments?post=51"}],"version-history":[{"count":26,"href":"https:\/\/habanera-club.fr\/vitrine\/wp-json\/wp\/v2\/pages\/51\/revisions"}],"predecessor-version":[{"id":636,"href":"https:\/\/habanera-club.fr\/vitrine\/wp-json\/wp\/v2\/pages\/51\/revisions\/636"}],"wp:featuredmedia":[{"embeddable":true,"href":"https:\/\/habanera-club.fr\/vitrine\/wp-json\/wp\/v2\/media\/130"}],"wp:attachment":[{"href":"https:\/\/habanera-club.fr\/vitrine\/wp-json\/wp\/v2\/media?parent=51"}],"curies":[{"name":"wp","href":"https:\/\/api.w.org\/{rel}","templated":true}]}}