{"id":42,"date":"2024-12-15T17:16:55","date_gmt":"2024-12-15T16:16:55","guid":{"rendered":"https:\/\/habanera-club.fr\/vitrine\/?page_id=42"},"modified":"2025-08-04T23:55:31","modified_gmt":"2025-08-04T21:55:31","slug":"chabadanse","status":"publish","type":"page","link":"https:\/\/habanera-club.fr\/vitrine\/chabadanse\/","title":{"rendered":"Chabadanse"},"content":{"rendered":"\n<div class=\"wp-block-group alignfull has-background has-global-padding is-layout-constrained wp-container-core-group-is-layout-669513ed wp-block-group-is-layout-constrained\" style=\"background:linear-gradient(135deg,rgb(255,255,255) 0%,rgb(226,219,238) 100%);margin-top:0;margin-bottom:0;padding-top:var(--wp--preset--spacing--50);padding-right:var(--wp--preset--spacing--50);padding-bottom:var(--wp--preset--spacing--50);padding-left:var(--wp--preset--spacing--50)\">\n<figure class=\"wp-block-image size-large\"><a href=\"https:\/\/habanera-club.fr\/vitrine\/wp-content\/uploads\/2024\/12\/st-quentin-1.jpg\"><img loading=\"lazy\" decoding=\"async\" width=\"1024\" height=\"768\" src=\"http:\/\/habanera-club.fr\/vitrine\/wp-content\/uploads\/2024\/12\/st-quentin-1-1024x768.jpg\" alt=\"\" class=\"wp-image-134\" srcset=\"https:\/\/habanera-club.fr\/vitrine\/wp-content\/uploads\/2024\/12\/st-quentin-1-1024x768.jpg 1024w, https:\/\/habanera-club.fr\/vitrine\/wp-content\/uploads\/2024\/12\/st-quentin-1-300x225.jpg 300w, https:\/\/habanera-club.fr\/vitrine\/wp-content\/uploads\/2024\/12\/st-quentin-1-768x576.jpg 768w, https:\/\/habanera-club.fr\/vitrine\/wp-content\/uploads\/2024\/12\/st-quentin-1-1536x1152.jpg 1536w, https:\/\/habanera-club.fr\/vitrine\/wp-content\/uploads\/2024\/12\/st-quentin-1.jpg 2048w\" sizes=\"auto, (max-width: 1024px) 100vw, 1024px\" \/><\/a><\/figure>\n\n\n\n<div class=\"wp-block-columns alignwide is-layout-flex wp-container-core-columns-is-layout-1da03c2a wp-block-columns-is-layout-flex\">\n<div class=\"wp-block-column is-layout-flow wp-block-column-is-layout-flow\">\n<p>A Grugies (pr\u00e8s de St Quentin)<\/p>\n\n\n\n<p>Retrouvez nous chaque mercredi pour les cours et pour des r\u00e9visions conviviales entre nous chaque lundi.<\/p>\n\n\n\n<p>La structure Chabadanse est li\u00e9e \u00e0 celle d&#8217;Habanera-Club au niveau des cours et des activit\u00e9s de d\u00e9monstrations<\/p>\n<\/div>\n\n\n\n<div class=\"wp-block-column is-layout-flow wp-block-column-is-layout-flow\">\n<div class=\"wp-block-group is-layout-grid wp-container-core-group-is-layout-478b6e6b wp-block-group-is-layout-grid\">\n<div class=\"wp-block-group is-vertical is-layout-flex wp-container-core-group-is-layout-fe9cc265 wp-block-group-is-layout-flex\">\n<h2 class=\"wp-block-heading\">Notre bureau<\/h2>\n\n\n\n<p>Compos\u00e9 de b\u00e9n\u00e9voles locaux d\u00e9vou\u00e9s \u00e0 votre loisir pr\u00e9f\u00e9r\u00e9:<\/p>\n\n\n\n<ul class=\"wp-block-list\">\n<li>Anne Marie et Bernard LEPINE<\/li>\n<\/ul>\n\n\n\n<ul class=\"wp-block-list\">\n<li>Maryvonne et Michel COLOMBEROTTO<\/li>\n\n\n\n<li>Nadine DELMOTTE<\/li>\n<\/ul>\n<\/div>\n<\/div>\n<\/div>\n<\/div>\n<\/div>\n","protected":false},"excerpt":{"rendered":"<p>A Grugies (pr\u00e8s de St Quentin) Retrouvez nous chaque mercredi pour les cours et pour des r\u00e9visions conviviales entre nous chaque lundi. La structure Chabadanse est li\u00e9e \u00e0 celle d&#8217;Habanera-Club au niveau des cours et des activit\u00e9s de d\u00e9monstrations Notre bureau Compos\u00e9 de b\u00e9n\u00e9voles locaux d\u00e9vou\u00e9s \u00e0 votre loisir pr\u00e9f\u00e9r\u00e9:<\/p>\n","protected":false},"author":1,"featured_media":0,"parent":0,"menu_order":0,"comment_status":"closed","ping_status":"closed","template":"page-habanera","meta":{"footnotes":""},"class_list":["post-42","page","type-page","status-publish","hentry"],"_links":{"self":[{"href":"https:\/\/habanera-club.fr\/vitrine\/wp-json\/wp\/v2\/pages\/42","targetHints":{"allow":["GET"]}}],"collection":[{"href":"https:\/\/habanera-club.fr\/vitrine\/wp-json\/wp\/v2\/pages"}],"about":[{"href":"https:\/\/habanera-club.fr\/vitrine\/wp-json\/wp\/v2\/types\/page"}],"author":[{"embeddable":true,"href":"https:\/\/habanera-club.fr\/vitrine\/wp-json\/wp\/v2\/users\/1"}],"replies":[{"embeddable":true,"href":"https:\/\/habanera-club.fr\/vitrine\/wp-json\/wp\/v2\/comments?post=42"}],"version-history":[{"count":8,"href":"https:\/\/habanera-club.fr\/vitrine\/wp-json\/wp\/v2\/pages\/42\/revisions"}],"predecessor-version":[{"id":629,"href":"https:\/\/habanera-club.fr\/vitrine\/wp-json\/wp\/v2\/pages\/42\/revisions\/629"}],"wp:attachment":[{"href":"https:\/\/habanera-club.fr\/vitrine\/wp-json\/wp\/v2\/media?parent=42"}],"curies":[{"name":"wp","href":"https:\/\/api.w.org\/{rel}","templated":true}]}}