{"id":184,"date":"2025-04-27T11:26:48","date_gmt":"2025-04-27T09:26:48","guid":{"rendered":"https:\/\/habanera-club.fr\/vitrine\/?page_id=184"},"modified":"2025-08-01T20:14:56","modified_gmt":"2025-08-01T18:14:56","slug":"formations","status":"publish","type":"page","link":"https:\/\/habanera-club.fr\/vitrine\/formations\/","title":{"rendered":"Formations Professionnelles"},"content":{"rendered":"\n<div class=\"wp-block-media-text is-stacked-on-mobile has-background\" style=\"background:linear-gradient(135deg,rgb(255,255,255) 0%,rgb(243,232,255) 100%);grid-template-columns:25% auto\"><figure class=\"wp-block-media-text__media\"><img loading=\"lazy\" decoding=\"async\" width=\"147\" height=\"116\" src=\"https:\/\/habanera-club.fr\/vitrine\/wp-content\/uploads\/2025\/04\/logo-ffd.png\" alt=\"\" class=\"wp-image-197 size-full\"\/><\/figure><div class=\"wp-block-media-text__content\">\n<h4 class=\"wp-block-heading has-text-align-center\"><a href=\"https:\/\/www.ffdanse.fr\" target=\"_blank\" rel=\"noreferrer noopener\">https:\/\/www.ffdanse.fr<\/a><\/h4>\n<\/div><\/div>\n\n\n\n<div class=\"wp-block-group is-layout-flex wp-container-core-group-is-layout-6ea4212b wp-block-group-is-layout-flex\">\n<div class=\"wp-block-group alignfull has-background wp-container-content-9cfa9a5a is-layout-flow wp-container-core-group-is-layout-abb611c5 wp-block-group-is-layout-flow\" style=\"background:linear-gradient(135deg,rgb(224,188,253) 0%,rgb(253,253,253) 100%);margin-top:0;margin-bottom:0;padding-top:var(--wp--preset--spacing--10);padding-right:var(--wp--preset--spacing--10);padding-bottom:var(--wp--preset--spacing--10);padding-left:var(--wp--preset--spacing--10)\">\n<h3 class=\"wp-block-heading has-text-align-center is-style-asterisk\"><strong>Formation technique d&#8217;animateurs<\/strong><br><strong>en danses de soci\u00e9t\u00e9<\/strong><\/h3>\n\n\n\n<div style=\"height:20px\" aria-hidden=\"true\" class=\"wp-block-spacer\"><\/div>\n\n\n\n<p><strong>Les formations techniques <\/strong> permettent aux enseignants en danse de d\u00e9couvrir des danses de couples classiques (valse, tango, chachacha&#8230;), modernes (Salsa, Bachata, West coast) et plus originales (Mambo, polka, Bossa Nova&#8230;)<\/p>\n\n\n\n<div style=\"height:20px\" aria-hidden=\"true\" class=\"wp-block-spacer\"><\/div>\n\n\n\n<figure class=\"wp-block-gallery has-nested-images columns-default is-cropped wp-block-gallery-1 is-layout-flex wp-block-gallery-is-layout-flex\">\n<figure class=\"wp-block-image size-large is-style-default\" style=\"margin-top:0;margin-bottom:0\"><a href=\"https:\/\/habanera-club.fr\/vitrine\/wp-content\/uploads\/2025\/07\/473556009_1114857613446671_8863591948330081239_n.jpg\"><img loading=\"lazy\" decoding=\"async\" width=\"1024\" height=\"768\" data-id=\"319\" src=\"https:\/\/habanera-club.fr\/vitrine\/wp-content\/uploads\/2025\/07\/473556009_1114857613446671_8863591948330081239_n-1024x768.jpg\" alt=\"\" class=\"wp-image-319\" srcset=\"https:\/\/habanera-club.fr\/vitrine\/wp-content\/uploads\/2025\/07\/473556009_1114857613446671_8863591948330081239_n-1024x768.jpg 1024w, https:\/\/habanera-club.fr\/vitrine\/wp-content\/uploads\/2025\/07\/473556009_1114857613446671_8863591948330081239_n-300x225.jpg 300w, https:\/\/habanera-club.fr\/vitrine\/wp-content\/uploads\/2025\/07\/473556009_1114857613446671_8863591948330081239_n-768x576.jpg 768w, https:\/\/habanera-club.fr\/vitrine\/wp-content\/uploads\/2025\/07\/473556009_1114857613446671_8863591948330081239_n-1536x1152.jpg 1536w, https:\/\/habanera-club.fr\/vitrine\/wp-content\/uploads\/2025\/07\/473556009_1114857613446671_8863591948330081239_n.jpg 2048w\" sizes=\"auto, (max-width: 1024px) 100vw, 1024px\" \/><\/a><\/figure>\n\n\n\n<figure class=\"wp-block-image size-large\"><a href=\"https:\/\/habanera-club.fr\/vitrine\/wp-content\/uploads\/2025\/07\/481059729_1132108285377399_7460071770415227196_n.jpg\"><img loading=\"lazy\" decoding=\"async\" width=\"1024\" height=\"768\" data-id=\"326\" src=\"https:\/\/habanera-club.fr\/vitrine\/wp-content\/uploads\/2025\/07\/481059729_1132108285377399_7460071770415227196_n-1024x768.jpg\" alt=\"\" class=\"wp-image-326\" srcset=\"https:\/\/habanera-club.fr\/vitrine\/wp-content\/uploads\/2025\/07\/481059729_1132108285377399_7460071770415227196_n-1024x768.jpg 1024w, https:\/\/habanera-club.fr\/vitrine\/wp-content\/uploads\/2025\/07\/481059729_1132108285377399_7460071770415227196_n-300x225.jpg 300w, https:\/\/habanera-club.fr\/vitrine\/wp-content\/uploads\/2025\/07\/481059729_1132108285377399_7460071770415227196_n-768x576.jpg 768w, https:\/\/habanera-club.fr\/vitrine\/wp-content\/uploads\/2025\/07\/481059729_1132108285377399_7460071770415227196_n-1536x1152.jpg 1536w, https:\/\/habanera-club.fr\/vitrine\/wp-content\/uploads\/2025\/07\/481059729_1132108285377399_7460071770415227196_n.jpg 1600w\" sizes=\"auto, (max-width: 1024px) 100vw, 1024px\" \/><\/a><\/figure>\n\n\n\n<figure class=\"wp-block-image size-large\"><a href=\"https:\/\/habanera-club.fr\/vitrine\/wp-content\/uploads\/2025\/07\/293425518_520394666548767_2467147704946859437_n.jpg\"><img loading=\"lazy\" decoding=\"async\" width=\"1008\" height=\"756\" data-id=\"325\" src=\"https:\/\/habanera-club.fr\/vitrine\/wp-content\/uploads\/2025\/07\/293425518_520394666548767_2467147704946859437_n.jpg\" alt=\"\" class=\"wp-image-325\" srcset=\"https:\/\/habanera-club.fr\/vitrine\/wp-content\/uploads\/2025\/07\/293425518_520394666548767_2467147704946859437_n.jpg 1008w, https:\/\/habanera-club.fr\/vitrine\/wp-content\/uploads\/2025\/07\/293425518_520394666548767_2467147704946859437_n-300x225.jpg 300w, https:\/\/habanera-club.fr\/vitrine\/wp-content\/uploads\/2025\/07\/293425518_520394666548767_2467147704946859437_n-768x576.jpg 768w\" sizes=\"auto, (max-width: 1008px) 100vw, 1008px\" \/><\/a><\/figure>\n\n\n\n<figure class=\"wp-block-image size-large\"><a href=\"https:\/\/habanera-club.fr\/vitrine\/wp-content\/uploads\/2025\/07\/481059816_1132112648710296_2977357336569026453_n.jpg\"><img loading=\"lazy\" decoding=\"async\" width=\"1024\" height=\"518\" data-id=\"327\" src=\"https:\/\/habanera-club.fr\/vitrine\/wp-content\/uploads\/2025\/07\/481059816_1132112648710296_2977357336569026453_n-1024x518.jpg\" alt=\"\" class=\"wp-image-327\" srcset=\"https:\/\/habanera-club.fr\/vitrine\/wp-content\/uploads\/2025\/07\/481059816_1132112648710296_2977357336569026453_n-1024x518.jpg 1024w, https:\/\/habanera-club.fr\/vitrine\/wp-content\/uploads\/2025\/07\/481059816_1132112648710296_2977357336569026453_n-300x152.jpg 300w, https:\/\/habanera-club.fr\/vitrine\/wp-content\/uploads\/2025\/07\/481059816_1132112648710296_2977357336569026453_n-768x388.jpg 768w, https:\/\/habanera-club.fr\/vitrine\/wp-content\/uploads\/2025\/07\/481059816_1132112648710296_2977357336569026453_n-1536x777.jpg 1536w, https:\/\/habanera-club.fr\/vitrine\/wp-content\/uploads\/2025\/07\/481059816_1132112648710296_2977357336569026453_n.jpg 1600w\" sizes=\"auto, (max-width: 1024px) 100vw, 1024px\" \/><\/a><\/figure>\n\n\n\n<figure class=\"wp-block-image size-large\"><a href=\"https:\/\/habanera-club.fr\/vitrine\/wp-content\/uploads\/2025\/07\/472327224_1110208670578232_1825153105438648455_n.jpg\"><img loading=\"lazy\" decoding=\"async\" width=\"960\" height=\"720\" data-id=\"321\" src=\"https:\/\/habanera-club.fr\/vitrine\/wp-content\/uploads\/2025\/07\/472327224_1110208670578232_1825153105438648455_n.jpg\" alt=\"\" class=\"wp-image-321\" srcset=\"https:\/\/habanera-club.fr\/vitrine\/wp-content\/uploads\/2025\/07\/472327224_1110208670578232_1825153105438648455_n.jpg 960w, https:\/\/habanera-club.fr\/vitrine\/wp-content\/uploads\/2025\/07\/472327224_1110208670578232_1825153105438648455_n-300x225.jpg 300w, https:\/\/habanera-club.fr\/vitrine\/wp-content\/uploads\/2025\/07\/472327224_1110208670578232_1825153105438648455_n-768x576.jpg 768w\" sizes=\"auto, (max-width: 960px) 100vw, 960px\" \/><\/a><\/figure>\n<\/figure>\n<\/div>\n\n\n\n<div class=\"wp-block-group alignfull has-background wp-container-content-9cfa9a5a is-layout-flow wp-block-group-is-layout-flow\" style=\"background:linear-gradient(135deg,rgb(197,185,247) 0%,rgb(255,255,255) 99%);margin-top:0;margin-bottom:0;padding-top:var(--wp--preset--spacing--10);padding-right:var(--wp--preset--spacing--10);padding-bottom:var(--wp--preset--spacing--10);padding-left:var(--wp--preset--spacing--10)\">\n<h3 class=\"wp-block-heading has-text-align-center is-style-asterisk has-contrast-color has-text-color has-link-color has-heading-font-family wp-elements-883190a60615a353437b530789dfb4bf\"><strong>Formation certifiante<\/strong><br><strong>en animation de cours<\/strong><\/h3>\n\n\n\n<div style=\"height:20px\" aria-hidden=\"true\" class=\"wp-block-spacer\"><\/div>\n\n\n\n<div class=\"wp-block-group is-nowrap is-layout-flex wp-container-core-group-is-layout-6c531013 wp-block-group-is-layout-flex\">\n<div class=\"wp-block-columns is-layout-flex wp-container-core-columns-is-layout-28f84493 wp-block-columns-is-layout-flex\">\n<div class=\"wp-block-column is-layout-flow wp-block-column-is-layout-flow\">\n<p><strong>Les formations f\u00e9d\u00e9rales appel\u00e9es CFID1 et CFID2<\/strong> permettent \u00e0 des enseignants en danse, quelles que soient leurs disciplines de d\u00e9velopper et de faire reconna\u00eetre leurs comp\u00e9tences p\u00e9dagogiques et d&#8217;encadrement de cours.<\/p>\n<\/div>\n<\/div>\n<\/div>\n\n\n\n<div style=\"height:20px\" aria-hidden=\"true\" class=\"wp-block-spacer\"><\/div>\n\n\n\n<figure class=\"wp-block-gallery has-nested-images columns-default is-cropped wp-block-gallery-2 is-layout-flex wp-block-gallery-is-layout-flex\">\n<figure class=\"wp-block-image size-large\"><a href=\"https:\/\/habanera-club.fr\/vitrine\/wp-content\/uploads\/2025\/07\/474801750_1106314721290089_2914959308826707947_n-1.jpg\"><img loading=\"lazy\" decoding=\"async\" width=\"1024\" height=\"768\" data-id=\"328\" src=\"https:\/\/habanera-club.fr\/vitrine\/wp-content\/uploads\/2025\/07\/474801750_1106314721290089_2914959308826707947_n-1-1024x768.jpg\" alt=\"\" class=\"wp-image-328\" srcset=\"https:\/\/habanera-club.fr\/vitrine\/wp-content\/uploads\/2025\/07\/474801750_1106314721290089_2914959308826707947_n-1-1024x768.jpg 1024w, https:\/\/habanera-club.fr\/vitrine\/wp-content\/uploads\/2025\/07\/474801750_1106314721290089_2914959308826707947_n-1-300x225.jpg 300w, https:\/\/habanera-club.fr\/vitrine\/wp-content\/uploads\/2025\/07\/474801750_1106314721290089_2914959308826707947_n-1-768x576.jpg 768w, https:\/\/habanera-club.fr\/vitrine\/wp-content\/uploads\/2025\/07\/474801750_1106314721290089_2914959308826707947_n-1-1536x1152.jpg 1536w, https:\/\/habanera-club.fr\/vitrine\/wp-content\/uploads\/2025\/07\/474801750_1106314721290089_2914959308826707947_n-1.jpg 1600w\" sizes=\"auto, (max-width: 1024px) 100vw, 1024px\" \/><\/a><\/figure>\n\n\n\n<figure class=\"wp-block-image size-large\"><a href=\"https:\/\/habanera-club.fr\/vitrine\/wp-content\/uploads\/2025\/07\/472275322_1110218067243959_2862805856607966305_n-1.jpg\"><img loading=\"lazy\" decoding=\"async\" width=\"960\" height=\"592\" data-id=\"329\" src=\"https:\/\/habanera-club.fr\/vitrine\/wp-content\/uploads\/2025\/07\/472275322_1110218067243959_2862805856607966305_n-1.jpg\" alt=\"\" class=\"wp-image-329\" srcset=\"https:\/\/habanera-club.fr\/vitrine\/wp-content\/uploads\/2025\/07\/472275322_1110218067243959_2862805856607966305_n-1.jpg 960w, https:\/\/habanera-club.fr\/vitrine\/wp-content\/uploads\/2025\/07\/472275322_1110218067243959_2862805856607966305_n-1-300x185.jpg 300w, https:\/\/habanera-club.fr\/vitrine\/wp-content\/uploads\/2025\/07\/472275322_1110218067243959_2862805856607966305_n-1-768x474.jpg 768w\" sizes=\"auto, (max-width: 960px) 100vw, 960px\" \/><\/a><\/figure>\n\n\n\n<figure class=\"wp-block-image size-full\"><a href=\"https:\/\/habanera-club.fr\/vitrine\/wp-content\/uploads\/2025\/07\/480428379_1127023739219187_5323785232759791115_n-1.jpg\"><img loading=\"lazy\" decoding=\"async\" width=\"768\" height=\"576\" data-id=\"330\" src=\"https:\/\/habanera-club.fr\/vitrine\/wp-content\/uploads\/2025\/07\/480428379_1127023739219187_5323785232759791115_n-1.jpg\" alt=\"\" class=\"wp-image-330\" srcset=\"https:\/\/habanera-club.fr\/vitrine\/wp-content\/uploads\/2025\/07\/480428379_1127023739219187_5323785232759791115_n-1.jpg 768w, https:\/\/habanera-club.fr\/vitrine\/wp-content\/uploads\/2025\/07\/480428379_1127023739219187_5323785232759791115_n-1-300x225.jpg 300w\" sizes=\"auto, (max-width: 768px) 100vw, 768px\" \/><\/a><\/figure>\n<\/figure>\n<\/div>\n\n\n\n<div class=\"wp-block-group alignfull has-background wp-container-content-9cfa9a5a is-layout-flow wp-block-group-is-layout-flow\" style=\"background:linear-gradient(135deg,rgb(237,217,255) 0%,rgb(255,255,255) 100%);margin-top:0;margin-bottom:0;padding-top:var(--wp--preset--spacing--10);padding-right:var(--wp--preset--spacing--10);padding-bottom:var(--wp--preset--spacing--10);padding-left:var(--wp--preset--spacing--10)\">\n<h3 class=\"wp-block-heading has-text-align-center is-style-asterisk\"><strong>Formation de formateurs<\/strong><\/h3>\n\n\n\n<div style=\"height:20px\" aria-hidden=\"true\" class=\"wp-block-spacer\"><\/div>\n\n\n\n<div class=\"wp-block-group is-nowrap is-layout-flex wp-container-core-group-is-layout-6c531013 wp-block-group-is-layout-flex\">\n<div class=\"wp-block-columns is-layout-flex wp-container-core-columns-is-layout-28f84493 wp-block-columns-is-layout-flex\">\n<div class=\"wp-block-column is-layout-flow wp-block-column-is-layout-flow\">\n<p><strong>La formation des formateurs et formatrices de la F\u00e9d\u00e9ration Fran\u00e7aise de Danse<\/strong> est con\u00e7ue pour sensibiliser les \u00e9quipes p\u00e9dagogiques f\u00e9d\u00e9rales aux techniques modernes d&#8217;animation et de transmission. (cours non magistraux, moins descendants, plus ludiques).<\/p>\n<\/div>\n<\/div>\n<\/div>\n\n\n\n<div style=\"height:20px\" aria-hidden=\"true\" class=\"wp-block-spacer\"><\/div>\n\n\n\n<figure class=\"wp-block-gallery has-nested-images columns-default is-cropped wp-block-gallery-5 is-layout-flex wp-block-gallery-is-layout-flex\">\n<figure class=\"wp-block-image size-large is-style-rounded is-style-rounded--3\"><a href=\"https:\/\/habanera-club.fr\/vitrine\/wp-content\/uploads\/2025\/07\/img-8554.jpeg\"><img loading=\"lazy\" decoding=\"async\" width=\"1024\" height=\"457\" data-id=\"313\" src=\"https:\/\/habanera-club.fr\/vitrine\/wp-content\/uploads\/2025\/07\/img-8554-1024x457.jpeg\" alt=\"\" class=\"wp-image-313\" srcset=\"https:\/\/habanera-club.fr\/vitrine\/wp-content\/uploads\/2025\/07\/img-8554-1024x457.jpeg 1024w, https:\/\/habanera-club.fr\/vitrine\/wp-content\/uploads\/2025\/07\/img-8554-300x134.jpeg 300w, https:\/\/habanera-club.fr\/vitrine\/wp-content\/uploads\/2025\/07\/img-8554-768x342.jpeg 768w, https:\/\/habanera-club.fr\/vitrine\/wp-content\/uploads\/2025\/07\/img-8554.jpeg 1090w\" sizes=\"auto, (max-width: 1024px) 100vw, 1024px\" \/><\/a><\/figure>\n\n\n\n<figure class=\"wp-block-image size-large is-style-rounded is-style-rounded--4\"><a href=\"https:\/\/habanera-club.fr\/vitrine\/wp-content\/uploads\/2025\/04\/formateurs.jpeg\"><img loading=\"lazy\" decoding=\"async\" width=\"440\" height=\"440\" data-id=\"194\" src=\"https:\/\/habanera-club.fr\/vitrine\/wp-content\/uploads\/2025\/04\/formateurs.jpeg\" alt=\"\" class=\"wp-image-194\" srcset=\"https:\/\/habanera-club.fr\/vitrine\/wp-content\/uploads\/2025\/04\/formateurs.jpeg 440w, https:\/\/habanera-club.fr\/vitrine\/wp-content\/uploads\/2025\/04\/formateurs-300x300.jpeg 300w, https:\/\/habanera-club.fr\/vitrine\/wp-content\/uploads\/2025\/04\/formateurs-150x150.jpeg 150w\" sizes=\"auto, (max-width: 440px) 100vw, 440px\" \/><\/a><\/figure>\n<\/figure>\n<\/div>\n<\/div>\n","protected":false},"excerpt":{"rendered":"<p>https:\/\/www.ffdanse.fr Formation technique d&#8217;animateursen danses de soci\u00e9t\u00e9 Les formations techniques permettent aux enseignants en danse de d\u00e9couvrir des danses de couples classiques (valse, tango, chachacha&#8230;), modernes (Salsa, Bachata, West coast) et plus originales (Mambo, polka, Bossa Nova&#8230;) Formation certifianteen animation de cours Les formations f\u00e9d\u00e9rales appel\u00e9es CFID1 et CFID2 permettent \u00e0 des enseignants en danse, [&hellip;]<\/p>\n","protected":false},"author":1,"featured_media":0,"parent":0,"menu_order":0,"comment_status":"closed","ping_status":"closed","template":"page-habanera","meta":{"footnotes":""},"class_list":["post-184","page","type-page","status-publish","hentry"],"_links":{"self":[{"href":"https:\/\/habanera-club.fr\/vitrine\/wp-json\/wp\/v2\/pages\/184","targetHints":{"allow":["GET"]}}],"collection":[{"href":"https:\/\/habanera-club.fr\/vitrine\/wp-json\/wp\/v2\/pages"}],"about":[{"href":"https:\/\/habanera-club.fr\/vitrine\/wp-json\/wp\/v2\/types\/page"}],"author":[{"embeddable":true,"href":"https:\/\/habanera-club.fr\/vitrine\/wp-json\/wp\/v2\/users\/1"}],"replies":[{"embeddable":true,"href":"https:\/\/habanera-club.fr\/vitrine\/wp-json\/wp\/v2\/comments?post=184"}],"version-history":[{"count":36,"href":"https:\/\/habanera-club.fr\/vitrine\/wp-json\/wp\/v2\/pages\/184\/revisions"}],"predecessor-version":[{"id":623,"href":"https:\/\/habanera-club.fr\/vitrine\/wp-json\/wp\/v2\/pages\/184\/revisions\/623"}],"wp:attachment":[{"href":"https:\/\/habanera-club.fr\/vitrine\/wp-json\/wp\/v2\/media?parent=184"}],"curies":[{"name":"wp","href":"https:\/\/api.w.org\/{rel}","templated":true}]}}